{"id":16,"date":"2020-02-15T10:36:55","date_gmt":"2020-02-15T10:36:55","guid":{"rendered":"https:\/\/the7.io\/logistics\/?page_id=16"},"modified":"2024-03-18T16:38:17","modified_gmt":"2024-03-18T15:38:17","slug":"services","status":"publish","type":"page","link":"https:\/\/bellaecu.com\/index.php\/services\/","title":{"rendered":"Servizi"},"content":{"rendered":"\t\t<div data-elementor-type=\"wp-page\" data-elementor-id=\"16\" class=\"elementor elementor-16\" data-elementor-post-type=\"page\">\n\t\t\t\t\t\t<section class=\"elementor-section elementor-top-section elementor-element elementor-element-62466e7 elementor-section-boxed elementor-section-height-default elementor-section-height-default\" data-id=\"62466e7\" data-element_type=\"section\">\n\t\t\t\t\t\t<div class=\"elementor-container elementor-column-gap-wider\">\n\t\t\t\t\t<div class=\"elementor-column elementor-col-100 elementor-top-column elementor-element elementor-element-f0ae12a\" data-id=\"f0ae12a\" data-element_type=\"column\">\n\t\t\t<div class=\"elementor-widget-wrap elementor-element-populated\">\n\t\t\t\t\t\t<div class=\"elementor-element elementor-element-f5845f7 preserve-img-ratio-cover elementor-widget elementor-widget-the7_elements\" data-id=\"f5845f7\" data-element_type=\"widget\" data-widget_type=\"the7_elements.default\">\n\t\t\t\t<div class=\"elementor-widget-container\">\n\t\t\t\t\t<div class=\"portfolio-shortcode the7-elementor-widget the7_elements-f5845f7 mode-grid dt-css-grid-wrap classic-layout-list description-under-image meta-info-off content-bg-on resize-by-browser-width widget-with-filter loading-effect-none\" data-padding=\"60px\" data-mobile-columns-num=\"1\" data-tablet-columns-num=\"2\" data-desktop-columns-num=\"3\" data-wide-desktop-columns-num=\"3\" data-post-limit=\"-1\" data-pagination-mode=\"standard\" data-scroll-offset=\"\"><div class=\"iso-filter filter-decorations without-isotope css-grid-filter extras-off filter filter-pointer-none show-filter-categories  \"><div class=\"filter-categories\" data-default-order=\"\" data-default-orderby=\"\"><a href=\"https:\/\/bellaecu.com\/index.php\/services\/\" class=\"show-all filter-item act\" data-filter=\"*\" aria-label=\"Apply filter: View all\">View all<\/a><a href=\"https:\/\/bellaecu.com\/index.php\/services\/?term=file-e-modifiche\" class=\"filter-item file-e-modifiche\" data-filter=\".category-53\" aria-label=\"Apply filter: File e Modifiche\">File e Modifiche<\/a><a href=\"https:\/\/bellaecu.com\/index.php\/services\/?term=servizi-centraline\" class=\"filter-item servizi-centraline\" data-filter=\".category-52\" aria-label=\"Apply filter: Servizi Centraline\">Servizi Centraline<\/a><\/div><\/div><div class=\"dt-css-grid custom-pagination-handler\"><div class=\"visible wf-cell category-52\" data-post-id=\"14536\" data-date=\"2024-03-19T11:26:43+01:00\" data-name=\"Duplicazione Chiavi\"><article class=\"post visible post-14536 services type-services status-publish has-post-thumbnail hentry service_category-servizi-centraline\" data-name=\"Duplicazione Chiavi\" data-date=\"2024-03-19T11:26:43+01:00\">\n\n\t<div class=\"post-thumbnail-wrap\">\n\t\t<div class=\"post-thumbnail\">\n\n\t\t\t<a class=\"post-thumbnail-rollover layzr-bg img-css-resize-wrapper\" aria-label=\"Immagine del post\" href=\"https:\/\/bellaecu.com\/index.php\/services\/duplicazione-chiavi\/\"><img fetchpriority=\"high\" decoding=\"async\" width=\"1500\" height=\"1180\" src=\"data:image\/svg+xml,%3Csvg%20xmlns%3D&#039;http%3A%2F%2Fwww.w3.org%2F2000%2Fsvg&#039;%20viewBox%3D&#039;0%200%201500%201180&#039;%2F%3E\" class=\"attachment-full size-full preload-me aspect lazy lazy-load\" alt=\"\" sizes=\"(max-width: 1500px) 100vw, 1500px\" style=\"--ratio: 1500 \/ 1180;\" data-src=\"https:\/\/bellaecu.com\/wp-content\/uploads\/2024\/03\/duplicazione_chiave-1.png\" loading=\"eager\" data-srcset=\"https:\/\/bellaecu.com\/wp-content\/uploads\/2024\/03\/duplicazione_chiave-1.png 1500w, https:\/\/bellaecu.com\/wp-content\/uploads\/2024\/03\/duplicazione_chiave-1-300x236.png 300w, https:\/\/bellaecu.com\/wp-content\/uploads\/2024\/03\/duplicazione_chiave-1-1024x806.png 1024w, https:\/\/bellaecu.com\/wp-content\/uploads\/2024\/03\/duplicazione_chiave-1-768x604.png 768w\" \/><span class=\"the7-hover-icon\"><svg aria-hidden=\"true\" class=\"e-font-icon-svg e-fas-ellipsis-h\" viewBox=\"0 0 512 512\" xmlns=\"http:\/\/www.w3.org\/2000\/svg\"><path d=\"M328 256c0 39.8-32.2 72-72 72s-72-32.2-72-72 32.2-72 72-72 72 32.2 72 72zm104-72c-39.8 0-72 32.2-72 72s32.2 72 72 72 72-32.2 72-72-32.2-72-72-72zm-352 0c-39.8 0-72 32.2-72 72s32.2 72 72 72 72-32.2 72-72-32.2-72-72-72z\"><\/path><\/svg><\/span><\/a>\n\t\t<\/div>\n\t<\/div>\n\n\n<div class=\"post-entry-content\">\n\n\t<h3 class=\"ele-entry-title\"><a href=\"https:\/\/bellaecu.com\/index.php\/services\/duplicazione-chiavi\/\" rel=\"bookmark\" title=\"Duplicazione Chiavi\">Duplicazione Chiavi<\/a><\/h3><div class=\"entry-excerpt\"><p>Duplicazione chiavi, soluzioni chiavi perse, ricodifica telecomandi <\/p>\n<\/div>\n<\/div><\/article><\/div><div class=\"visible wf-cell category-53\" data-post-id=\"4369\" data-date=\"2020-02-18T09:35:02+01:00\" data-name=\"Servizio Files\"><article class=\"post visible post-4369 services type-services status-publish has-post-thumbnail hentry service_category-file-e-modifiche\" data-name=\"Servizio Files\" data-date=\"2020-02-18T09:35:02+01:00\">\n\n\t<div class=\"post-thumbnail-wrap\">\n\t\t<div class=\"post-thumbnail\">\n\n\t\t\t<a class=\"post-thumbnail-rollover layzr-bg img-css-resize-wrapper\" aria-label=\"Immagine del post\" href=\"https:\/\/bellaecu.com\/index.php\/services\/serv007\/\"><img decoding=\"async\" width=\"1500\" height=\"1000\" src=\"data:image\/svg+xml,%3Csvg%20xmlns%3D&#039;http%3A%2F%2Fwww.w3.org%2F2000%2Fsvg&#039;%20viewBox%3D&#039;0%200%201500%201000&#039;%2F%3E\" class=\"attachment-full size-full preload-me aspect lazy lazy-load\" alt=\"Servizio modifica file\" sizes=\"(max-width: 1500px) 100vw, 1500px\" style=\"--ratio: 1500 \/ 1000;\" data-src=\"https:\/\/bellaecu.com\/wp-content\/uploads\/2020\/02\/servizioFile.png\" loading=\"eager\" data-srcset=\"https:\/\/bellaecu.com\/wp-content\/uploads\/2020\/02\/servizioFile.png 1500w, https:\/\/bellaecu.com\/wp-content\/uploads\/2020\/02\/servizioFile-300x200.png 300w, https:\/\/bellaecu.com\/wp-content\/uploads\/2020\/02\/servizioFile-1024x683.png 1024w, https:\/\/bellaecu.com\/wp-content\/uploads\/2020\/02\/servizioFile-768x512.png 768w\" \/><span class=\"the7-hover-icon\"><svg aria-hidden=\"true\" class=\"e-font-icon-svg e-fas-ellipsis-h\" viewBox=\"0 0 512 512\" xmlns=\"http:\/\/www.w3.org\/2000\/svg\"><path d=\"M328 256c0 39.8-32.2 72-72 72s-72-32.2-72-72 32.2-72 72-72 72 32.2 72 72zm104-72c-39.8 0-72 32.2-72 72s32.2 72 72 72 72-32.2 72-72-32.2-72-72-72zm-352 0c-39.8 0-72 32.2-72 72s32.2 72 72 72 72-32.2 72-72-32.2-72-72-72z\"><\/path><\/svg><\/span><\/a>\n\t\t<\/div>\n\t<\/div>\n\n\n<div class=\"post-entry-content\">\n\n\t<h3 class=\"ele-entry-title\"><a href=\"https:\/\/bellaecu.com\/index.php\/services\/serv007\/\" rel=\"bookmark\" title=\"Servizio Files\">Servizio Files<\/a><\/h3><div class=\"entry-excerpt\"><p>Servizio di modifica tuning file <\/p>\n<\/div>\n<\/div><\/article><\/div><div class=\"visible wf-cell category-53\" data-post-id=\"4368\" data-date=\"2020-02-18T09:32:38+01:00\" data-name=\"Codifiche e Programmazioni\"><article class=\"post visible post-4368 services type-services status-publish has-post-thumbnail hentry service_category-file-e-modifiche\" data-name=\"Codifiche e Programmazioni\" data-date=\"2020-02-18T09:32:38+01:00\">\n\n\t<div class=\"post-thumbnail-wrap\">\n\t\t<div class=\"post-thumbnail\">\n\n\t\t\t<a class=\"post-thumbnail-rollover layzr-bg img-css-resize-wrapper\" aria-label=\"Immagine del post\" href=\"https:\/\/bellaecu.com\/index.php\/services\/serv005\/\"><img decoding=\"async\" width=\"1500\" height=\"1000\" src=\"data:image\/svg+xml,%3Csvg%20xmlns%3D&#039;http%3A%2F%2Fwww.w3.org%2F2000%2Fsvg&#039;%20viewBox%3D&#039;0%200%201500%201000&#039;%2F%3E\" class=\"attachment-full size-full preload-me aspect lazy lazy-load\" alt=\"Codifiche e Programmazioni centraline\" sizes=\"(max-width: 1500px) 100vw, 1500px\" style=\"--ratio: 1500 \/ 1000;\" data-src=\"https:\/\/bellaecu.com\/wp-content\/uploads\/2020\/02\/CodificheProgrammazioni.png\" loading=\"eager\" data-srcset=\"https:\/\/bellaecu.com\/wp-content\/uploads\/2020\/02\/CodificheProgrammazioni.png 1500w, https:\/\/bellaecu.com\/wp-content\/uploads\/2020\/02\/CodificheProgrammazioni-300x200.png 300w, https:\/\/bellaecu.com\/wp-content\/uploads\/2020\/02\/CodificheProgrammazioni-1024x683.png 1024w, https:\/\/bellaecu.com\/wp-content\/uploads\/2020\/02\/CodificheProgrammazioni-768x512.png 768w\" \/><span class=\"the7-hover-icon\"><svg aria-hidden=\"true\" class=\"e-font-icon-svg e-fas-ellipsis-h\" viewBox=\"0 0 512 512\" xmlns=\"http:\/\/www.w3.org\/2000\/svg\"><path d=\"M328 256c0 39.8-32.2 72-72 72s-72-32.2-72-72 32.2-72 72-72 72 32.2 72 72zm104-72c-39.8 0-72 32.2-72 72s32.2 72 72 72 72-32.2 72-72-32.2-72-72-72zm-352 0c-39.8 0-72 32.2-72 72s32.2 72 72 72 72-32.2 72-72-32.2-72-72-72z\"><\/path><\/svg><\/span><\/a>\n\t\t<\/div>\n\t<\/div>\n\n\n<div class=\"post-entry-content\">\n\n\t<h3 class=\"ele-entry-title\"><a href=\"https:\/\/bellaecu.com\/index.php\/services\/serv005\/\" rel=\"bookmark\" title=\"Codifiche e Programmazioni\">Codifiche e Programmazioni<\/a><\/h3><div class=\"entry-excerpt\"><p>Codifiche allineamenti e programmazioni centraline<\/p>\n<\/div>\n<\/div><\/article><\/div><div class=\"visible wf-cell category-52\" data-post-id=\"4367\" data-date=\"2020-02-17T14:59:53+01:00\" data-name=\"Sostituzione Ripristino in ORIGINALE\"><article class=\"post visible post-4367 services type-services status-publish has-post-thumbnail hentry service_category-servizi-centraline\" data-name=\"Sostituzione Ripristino in ORIGINALE\" data-date=\"2020-02-17T14:59:53+01:00\">\n\n\t<div class=\"post-thumbnail-wrap\">\n\t\t<div class=\"post-thumbnail\">\n\n\t\t\t<a class=\"post-thumbnail-rollover layzr-bg img-css-resize-wrapper\" aria-label=\"Immagine del post\" href=\"https:\/\/bellaecu.com\/index.php\/services\/serv008\/\"><img decoding=\"async\" width=\"1500\" height=\"1000\" src=\"data:image\/svg+xml,%3Csvg%20xmlns%3D&#039;http%3A%2F%2Fwww.w3.org%2F2000%2Fsvg&#039;%20viewBox%3D&#039;0%200%201500%201000&#039;%2F%3E\" class=\"attachment-full size-full preload-me aspect lazy lazy-load\" alt=\"sostituzione ecu\" sizes=\"(max-width: 1500px) 100vw, 1500px\" style=\"--ratio: 1500 \/ 1000;\" data-src=\"https:\/\/bellaecu.com\/wp-content\/uploads\/2020\/02\/sostituzione.png\" loading=\"eager\" data-srcset=\"https:\/\/bellaecu.com\/wp-content\/uploads\/2020\/02\/sostituzione.png 1500w, https:\/\/bellaecu.com\/wp-content\/uploads\/2020\/02\/sostituzione-300x200.png 300w, https:\/\/bellaecu.com\/wp-content\/uploads\/2020\/02\/sostituzione-1024x683.png 1024w, https:\/\/bellaecu.com\/wp-content\/uploads\/2020\/02\/sostituzione-768x512.png 768w\" \/><span class=\"the7-hover-icon\"><svg aria-hidden=\"true\" class=\"e-font-icon-svg e-fas-ellipsis-h\" viewBox=\"0 0 512 512\" xmlns=\"http:\/\/www.w3.org\/2000\/svg\"><path d=\"M328 256c0 39.8-32.2 72-72 72s-72-32.2-72-72 32.2-72 72-72 72 32.2 72 72zm104-72c-39.8 0-72 32.2-72 72s32.2 72 72 72 72-32.2 72-72-32.2-72-72-72zm-352 0c-39.8 0-72 32.2-72 72s32.2 72 72 72 72-32.2 72-72-32.2-72-72-72z\"><\/path><\/svg><\/span><\/a>\n\t\t<\/div>\n\t<\/div>\n\n\n<div class=\"post-entry-content\">\n\n\t<h3 class=\"ele-entry-title\"><a href=\"https:\/\/bellaecu.com\/index.php\/services\/serv008\/\" rel=\"bookmark\" title=\"Sostituzione Ripristino in ORIGINALE\">Sostituzione Ripristino in ORIGINALE<\/a><\/h3><div class=\"entry-excerpt\"><p>sostituzione centraline copia dati<\/p>\n<\/div>\n<\/div><\/article><\/div><div class=\"visible wf-cell category-52\" data-post-id=\"4366\" data-date=\"2020-02-17T14:58:14+01:00\" data-name=\"Riparazioni Schede\"><article class=\"post visible post-4366 services type-services status-publish has-post-thumbnail hentry service_category-servizi-centraline\" data-name=\"Riparazioni Schede\" data-date=\"2020-02-17T14:58:14+01:00\">\n\n\t<div class=\"post-thumbnail-wrap\">\n\t\t<div class=\"post-thumbnail\">\n\n\t\t\t<a class=\"post-thumbnail-rollover layzr-bg img-css-resize-wrapper\" aria-label=\"Immagine del post\" href=\"https:\/\/bellaecu.com\/index.php\/services\/serv002\/\"><img decoding=\"async\" width=\"1500\" height=\"1000\" src=\"data:image\/svg+xml,%3Csvg%20xmlns%3D&#039;http%3A%2F%2Fwww.w3.org%2F2000%2Fsvg&#039;%20viewBox%3D&#039;0%200%201500%201000&#039;%2F%3E\" class=\"attachment-full size-full preload-me aspect lazy lazy-load\" alt=\"schede elettroniche\" sizes=\"(max-width: 1500px) 100vw, 1500px\" style=\"--ratio: 1500 \/ 1000;\" data-src=\"https:\/\/bellaecu.com\/wp-content\/uploads\/2020\/02\/Schede-elettroniche.png\" loading=\"eager\" data-srcset=\"https:\/\/bellaecu.com\/wp-content\/uploads\/2020\/02\/Schede-elettroniche.png 1500w, https:\/\/bellaecu.com\/wp-content\/uploads\/2020\/02\/Schede-elettroniche-300x200.png 300w, https:\/\/bellaecu.com\/wp-content\/uploads\/2020\/02\/Schede-elettroniche-1024x683.png 1024w, https:\/\/bellaecu.com\/wp-content\/uploads\/2020\/02\/Schede-elettroniche-768x512.png 768w\" \/><span class=\"the7-hover-icon\"><svg aria-hidden=\"true\" class=\"e-font-icon-svg e-fas-ellipsis-h\" viewBox=\"0 0 512 512\" xmlns=\"http:\/\/www.w3.org\/2000\/svg\"><path d=\"M328 256c0 39.8-32.2 72-72 72s-72-32.2-72-72 32.2-72 72-72 72 32.2 72 72zm104-72c-39.8 0-72 32.2-72 72s32.2 72 72 72 72-32.2 72-72-32.2-72-72-72zm-352 0c-39.8 0-72 32.2-72 72s32.2 72 72 72 72-32.2 72-72-32.2-72-72-72z\"><\/path><\/svg><\/span><\/a>\n\t\t<\/div>\n\t<\/div>\n\n\n<div class=\"post-entry-content\">\n\n\t<h3 class=\"ele-entry-title\"><a href=\"https:\/\/bellaecu.com\/index.php\/services\/serv002\/\" rel=\"bookmark\" title=\"Riparazioni Schede\">Riparazioni Schede<\/a><\/h3><div class=\"entry-excerpt\"><p>Servizio di riparazione sostituzione schede elettroniche<\/p>\n<\/div>\n<\/div><\/article><\/div><div class=\"visible wf-cell category-52\" data-post-id=\"4365\" data-date=\"2020-02-17T14:51:47+01:00\" data-name=\"Test a Banco\"><article class=\"post visible post-4365 services type-services status-publish has-post-thumbnail hentry service_category-servizi-centraline\" data-name=\"Test a Banco\" data-date=\"2020-02-17T14:51:47+01:00\">\n\n\t<div class=\"post-thumbnail-wrap\">\n\t\t<div class=\"post-thumbnail\">\n\n\t\t\t<a class=\"post-thumbnail-rollover layzr-bg img-css-resize-wrapper\" aria-label=\"Immagine del post\" href=\"https:\/\/bellaecu.com\/index.php\/services\/serv006\/\"><img decoding=\"async\" width=\"1500\" height=\"1000\" src=\"data:image\/svg+xml,%3Csvg%20xmlns%3D&#039;http%3A%2F%2Fwww.w3.org%2F2000%2Fsvg&#039;%20viewBox%3D&#039;0%200%201500%201000&#039;%2F%3E\" class=\"attachment-full size-full preload-me aspect lazy lazy-load\" alt=\"test unita elettroniche\" sizes=\"(max-width: 1500px) 100vw, 1500px\" style=\"--ratio: 1500 \/ 1000;\" data-src=\"https:\/\/bellaecu.com\/wp-content\/uploads\/2020\/02\/testBanco.png\" loading=\"eager\" data-srcset=\"https:\/\/bellaecu.com\/wp-content\/uploads\/2020\/02\/testBanco.png 1500w, https:\/\/bellaecu.com\/wp-content\/uploads\/2020\/02\/testBanco-300x200.png 300w, https:\/\/bellaecu.com\/wp-content\/uploads\/2020\/02\/testBanco-1024x683.png 1024w, https:\/\/bellaecu.com\/wp-content\/uploads\/2020\/02\/testBanco-768x512.png 768w\" \/><span class=\"the7-hover-icon\"><svg aria-hidden=\"true\" class=\"e-font-icon-svg e-fas-ellipsis-h\" viewBox=\"0 0 512 512\" xmlns=\"http:\/\/www.w3.org\/2000\/svg\"><path d=\"M328 256c0 39.8-32.2 72-72 72s-72-32.2-72-72 32.2-72 72-72 72 32.2 72 72zm104-72c-39.8 0-72 32.2-72 72s32.2 72 72 72 72-32.2 72-72-32.2-72-72-72zm-352 0c-39.8 0-72 32.2-72 72s32.2 72 72 72 72-32.2 72-72-32.2-72-72-72z\"><\/path><\/svg><\/span><\/a>\n\t\t<\/div>\n\t<\/div>\n\n\n<div class=\"post-entry-content\">\n\n\t<h3 class=\"ele-entry-title\"><a href=\"https:\/\/bellaecu.com\/index.php\/services\/serv006\/\" rel=\"bookmark\" title=\"Test a Banco\">Test a Banco<\/a><\/h3><div class=\"entry-excerpt\"><p>Servizio di Test a Banco centraline e unit\u00e0 elettroniche<\/p>\n<\/div>\n<\/div><\/article><\/div><div class=\"visible wf-cell category-52\" data-post-id=\"1122\" data-date=\"2020-02-05T20:33:35+01:00\" data-name=\"Body Computer\"><article class=\"post visible post-1122 services type-services status-publish has-post-thumbnail hentry service_category-servizi-centraline\" data-name=\"Body Computer\" data-date=\"2020-02-05T20:33:35+01:00\">\n\n\t<div class=\"post-thumbnail-wrap\">\n\t\t<div class=\"post-thumbnail\">\n\n\t\t\t<a class=\"post-thumbnail-rollover layzr-bg img-css-resize-wrapper\" aria-label=\"Immagine del post\" href=\"https:\/\/bellaecu.com\/index.php\/services\/serv011\/\"><img decoding=\"async\" width=\"1099\" height=\"1000\" src=\"data:image\/svg+xml,%3Csvg%20xmlns%3D&#039;http%3A%2F%2Fwww.w3.org%2F2000%2Fsvg&#039;%20viewBox%3D&#039;0%200%201099%201000&#039;%2F%3E\" class=\"attachment-full size-full preload-me aspect lazy lazy-load\" alt=\"\" sizes=\"(max-width: 1099px) 100vw, 1099px\" style=\"--ratio: 1099 \/ 1000;\" data-src=\"https:\/\/bellaecu.com\/wp-content\/uploads\/2020\/02\/Bodycomputer-1-1.png\" loading=\"eager\" data-srcset=\"https:\/\/bellaecu.com\/wp-content\/uploads\/2020\/02\/Bodycomputer-1-1.png 1099w, https:\/\/bellaecu.com\/wp-content\/uploads\/2020\/02\/Bodycomputer-1-1-300x273.png 300w, https:\/\/bellaecu.com\/wp-content\/uploads\/2020\/02\/Bodycomputer-1-1-1024x932.png 1024w, https:\/\/bellaecu.com\/wp-content\/uploads\/2020\/02\/Bodycomputer-1-1-768x699.png 768w\" \/><span class=\"the7-hover-icon\"><svg aria-hidden=\"true\" class=\"e-font-icon-svg e-fas-ellipsis-h\" viewBox=\"0 0 512 512\" xmlns=\"http:\/\/www.w3.org\/2000\/svg\"><path d=\"M328 256c0 39.8-32.2 72-72 72s-72-32.2-72-72 32.2-72 72-72 72 32.2 72 72zm104-72c-39.8 0-72 32.2-72 72s32.2 72 72 72 72-32.2 72-72-32.2-72-72-72zm-352 0c-39.8 0-72 32.2-72 72s32.2 72 72 72 72-32.2 72-72-32.2-72-72-72z\"><\/path><\/svg><\/span><\/a>\n\t\t<\/div>\n\t<\/div>\n\n\n<div class=\"post-entry-content\">\n\n\t<h3 class=\"ele-entry-title\"><a href=\"https:\/\/bellaecu.com\/index.php\/services\/serv011\/\" rel=\"bookmark\" title=\"Body Computer\">Body Computer<\/a><\/h3><div class=\"entry-excerpt\"><p>Servizio programmazione,copia dati, riparazione Body Computer<\/p>\n<\/div>\n<\/div><\/article><\/div><div class=\"visible wf-cell category-52\" data-post-id=\"1085\" data-date=\"2020-02-05T19:54:57+01:00\" data-name=\"Modifiche Elaborazioni Tuning\"><article class=\"post visible post-1085 services type-services status-publish has-post-thumbnail hentry service_category-servizi-centraline\" data-name=\"Modifiche Elaborazioni Tuning\" data-date=\"2020-02-05T19:54:57+01:00\">\n\n\t<div class=\"post-thumbnail-wrap\">\n\t\t<div class=\"post-thumbnail\">\n\n\t\t\t<a class=\"post-thumbnail-rollover layzr-bg img-css-resize-wrapper\" aria-label=\"Immagine del post\" href=\"https:\/\/bellaecu.com\/index.php\/services\/serv009\/\"><img decoding=\"async\" width=\"1500\" height=\"1000\" src=\"data:image\/svg+xml,%3Csvg%20xmlns%3D&#039;http%3A%2F%2Fwww.w3.org%2F2000%2Fsvg&#039;%20viewBox%3D&#039;0%200%201500%201000&#039;%2F%3E\" class=\"attachment-full size-full preload-me aspect lazy lazy-load\" alt=\"\" sizes=\"(max-width: 1500px) 100vw, 1500px\" style=\"--ratio: 1500 \/ 1000;\" data-src=\"https:\/\/bellaecu.com\/wp-content\/uploads\/2020\/02\/ABS-2.png\" loading=\"eager\" data-srcset=\"https:\/\/bellaecu.com\/wp-content\/uploads\/2020\/02\/ABS-2.png 1500w, https:\/\/bellaecu.com\/wp-content\/uploads\/2020\/02\/ABS-2-300x200.png 300w, https:\/\/bellaecu.com\/wp-content\/uploads\/2020\/02\/ABS-2-1024x683.png 1024w, https:\/\/bellaecu.com\/wp-content\/uploads\/2020\/02\/ABS-2-768x512.png 768w\" \/><span class=\"the7-hover-icon\"><svg aria-hidden=\"true\" class=\"e-font-icon-svg e-fas-ellipsis-h\" viewBox=\"0 0 512 512\" xmlns=\"http:\/\/www.w3.org\/2000\/svg\"><path d=\"M328 256c0 39.8-32.2 72-72 72s-72-32.2-72-72 32.2-72 72-72 72 32.2 72 72zm104-72c-39.8 0-72 32.2-72 72s32.2 72 72 72 72-32.2 72-72-32.2-72-72-72zm-352 0c-39.8 0-72 32.2-72 72s32.2 72 72 72 72-32.2 72-72-32.2-72-72-72z\"><\/path><\/svg><\/span><\/a>\n\t\t<\/div>\n\t<\/div>\n\n\n<div class=\"post-entry-content\">\n\n\t<h3 class=\"ele-entry-title\"><a href=\"https:\/\/bellaecu.com\/index.php\/services\/serv009\/\" rel=\"bookmark\" title=\"Modifiche Elaborazioni Tuning\">Modifiche Elaborazioni Tuning<\/a><\/h3><div class=\"entry-excerpt\"><p>Carburazioni, preparazioni modifiche rimappatura centralina motore<\/p>\n<\/div>\n<\/div><\/article><\/div><div class=\"visible wf-cell category-52\" data-post-id=\"1095\" data-date=\"2020-02-01T20:04:47+01:00\" data-name=\"AIRBAG\"><article class=\"post visible post-1095 services type-services status-publish has-post-thumbnail hentry service_category-servizi-centraline\" data-name=\"AIRBAG\" data-date=\"2020-02-01T20:04:47+01:00\">\n\n\t<div class=\"post-thumbnail-wrap\">\n\t\t<div class=\"post-thumbnail\">\n\n\t\t\t<a class=\"post-thumbnail-rollover layzr-bg img-css-resize-wrapper\" aria-label=\"Immagine del post\" href=\"https:\/\/bellaecu.com\/index.php\/services\/serv010\/\"><img decoding=\"async\" width=\"1500\" height=\"1000\" src=\"data:image\/svg+xml,%3Csvg%20xmlns%3D&#039;http%3A%2F%2Fwww.w3.org%2F2000%2Fsvg&#039;%20viewBox%3D&#039;0%200%201500%201000&#039;%2F%3E\" class=\"attachment-full size-full preload-me aspect lazy lazy-load\" alt=\"centralina airbag\" sizes=\"(max-width: 1500px) 100vw, 1500px\" style=\"--ratio: 1500 \/ 1000;\" data-src=\"https:\/\/bellaecu.com\/wp-content\/uploads\/2020\/02\/Airbag.png\" loading=\"eager\" data-srcset=\"https:\/\/bellaecu.com\/wp-content\/uploads\/2020\/02\/Airbag.png 1500w, https:\/\/bellaecu.com\/wp-content\/uploads\/2020\/02\/Airbag-300x200.png 300w, https:\/\/bellaecu.com\/wp-content\/uploads\/2020\/02\/Airbag-1024x683.png 1024w, https:\/\/bellaecu.com\/wp-content\/uploads\/2020\/02\/Airbag-768x512.png 768w\" \/><span class=\"the7-hover-icon\"><svg aria-hidden=\"true\" class=\"e-font-icon-svg e-fas-ellipsis-h\" viewBox=\"0 0 512 512\" xmlns=\"http:\/\/www.w3.org\/2000\/svg\"><path d=\"M328 256c0 39.8-32.2 72-72 72s-72-32.2-72-72 32.2-72 72-72 72 32.2 72 72zm104-72c-39.8 0-72 32.2-72 72s32.2 72 72 72 72-32.2 72-72-32.2-72-72-72zm-352 0c-39.8 0-72 32.2-72 72s32.2 72 72 72 72-32.2 72-72-32.2-72-72-72z\"><\/path><\/svg><\/span><\/a>\n\t\t<\/div>\n\t<\/div>\n\n\n<div class=\"post-entry-content\">\n\n\t<h3 class=\"ele-entry-title\"><a href=\"https:\/\/bellaecu.com\/index.php\/services\/serv010\/\" rel=\"bookmark\" title=\"AIRBAG\">AIRBAG<\/a><\/h3><div class=\"entry-excerpt\"><p>Reset  cancellazione errori Centraline Airbag<\/p>\n<\/div>\n<\/div><\/article><\/div><div class=\"visible wf-cell category-52\" data-post-id=\"1128\" data-date=\"2020-01-05T20:36:59+01:00\" data-name=\"Centraline MOTORE\"><article class=\"post visible post-1128 services type-services status-publish has-post-thumbnail hentry service_category-servizi-centraline\" data-name=\"Centraline MOTORE\" data-date=\"2020-01-05T20:36:59+01:00\">\n\n\t<div class=\"post-thumbnail-wrap\">\n\t\t<div class=\"post-thumbnail\">\n\n\t\t\t<a class=\"post-thumbnail-rollover layzr-bg img-css-resize-wrapper\" aria-label=\"Immagine del post\" href=\"https:\/\/bellaecu.com\/index.php\/services\/serv012\/\"><img decoding=\"async\" width=\"1017\" height=\"621\" src=\"data:image\/svg+xml,%3Csvg%20xmlns%3D&#039;http%3A%2F%2Fwww.w3.org%2F2000%2Fsvg&#039;%20viewBox%3D&#039;0%200%201017%20621&#039;%2F%3E\" class=\"attachment-full size-full preload-me aspect lazy lazy-load\" alt=\"\" sizes=\"(max-width: 1017px) 100vw, 1017px\" style=\"--ratio: 1017 \/ 621;\" data-src=\"https:\/\/bellaecu.com\/wp-content\/uploads\/2020\/01\/Illustration_draft_transparent_ridotto.png\" loading=\"eager\" data-srcset=\"https:\/\/bellaecu.com\/wp-content\/uploads\/2020\/01\/Illustration_draft_transparent_ridotto.png 1017w, https:\/\/bellaecu.com\/wp-content\/uploads\/2020\/01\/Illustration_draft_transparent_ridotto-300x183.png 300w, https:\/\/bellaecu.com\/wp-content\/uploads\/2020\/01\/Illustration_draft_transparent_ridotto-768x469.png 768w\" \/><span class=\"the7-hover-icon\"><svg aria-hidden=\"true\" class=\"e-font-icon-svg e-fas-ellipsis-h\" viewBox=\"0 0 512 512\" xmlns=\"http:\/\/www.w3.org\/2000\/svg\"><path d=\"M328 256c0 39.8-32.2 72-72 72s-72-32.2-72-72 32.2-72 72-72 72 32.2 72 72zm104-72c-39.8 0-72 32.2-72 72s32.2 72 72 72 72-32.2 72-72-32.2-72-72-72zm-352 0c-39.8 0-72 32.2-72 72s32.2 72 72 72 72-32.2 72-72-32.2-72-72-72z\"><\/path><\/svg><\/span><\/a>\n\t\t<\/div>\n\t<\/div>\n\n\n<div class=\"post-entry-content\">\n\n\t<h3 class=\"ele-entry-title\"><a href=\"https:\/\/bellaecu.com\/index.php\/services\/serv012\/\" rel=\"bookmark\" title=\"Centraline MOTORE\">Centraline MOTORE<\/a><\/h3><div class=\"entry-excerpt\"><p>Programmazioni Codifiche Riparazioni Mappature e Tuning Copia Dati<\/p>\n<\/div>\n<\/div><\/article><\/div><\/div><!-- iso-container|iso-grid --><\/div>\t\t\t\t<\/div>\n\t\t\t\t<\/div>\n\t\t\t\t\t<\/div>\n\t\t<\/div>\n\t\t\t\t\t<\/div>\n\t\t<\/section>\n\t\t\t\t<\/div>\n\t\t","protected":false},"excerpt":{"rendered":"<p>View allFile e ModificheServizi Centraline Servizio Files Servizio di modifica tuning file Codifiche e Programmazioni Codifiche allineamenti e programmazioni centraline Sostituzione sostituzione centraline copia dati Riparazioni Schede Servizio di riparazione sostituzione schede elettroniche Test a Banco Servizio di Test a Banco centraline e unit\u00e0 elettroniche Unit\u00e0 Elettroniche Riparazione e Programmazione Unit\u00e0 elettroniche auto moto furgoni&hellip;<\/p>\n","protected":false},"author":2,"featured_media":4375,"parent":0,"menu_order":40,"comment_status":"closed","ping_status":"closed","template":"elementor_header_footer","meta":{"footnotes":""},"class_list":["post-16","page","type-page","status-publish","has-post-thumbnail","hentry"],"_links":{"self":[{"href":"https:\/\/bellaecu.com\/index.php\/wp-json\/wp\/v2\/pages\/16","targetHints":{"allow":["GET"]}}],"collection":[{"href":"https:\/\/bellaecu.com\/index.php\/wp-json\/wp\/v2\/pages"}],"about":[{"href":"https:\/\/bellaecu.com\/index.php\/wp-json\/wp\/v2\/types\/page"}],"author":[{"embeddable":true,"href":"https:\/\/bellaecu.com\/index.php\/wp-json\/wp\/v2\/users\/2"}],"replies":[{"embeddable":true,"href":"https:\/\/bellaecu.com\/index.php\/wp-json\/wp\/v2\/comments?post=16"}],"version-history":[{"count":10,"href":"https:\/\/bellaecu.com\/index.php\/wp-json\/wp\/v2\/pages\/16\/revisions"}],"predecessor-version":[{"id":14493,"href":"https:\/\/bellaecu.com\/index.php\/wp-json\/wp\/v2\/pages\/16\/revisions\/14493"}],"wp:featuredmedia":[{"embeddable":true,"href":"https:\/\/bellaecu.com\/index.php\/wp-json\/wp\/v2\/media\/4375"}],"wp:attachment":[{"href":"https:\/\/bellaecu.com\/index.php\/wp-json\/wp\/v2\/media?parent=16"}],"curies":[{"name":"wp","href":"https:\/\/api.w.org\/{rel}","templated":true}]}}